{"id":1798,"date":"2025-07-29T10:20:07","date_gmt":"2025-07-29T08:20:07","guid":{"rendered":"https:\/\/kosmodrom2323.de\/?page_id=1798"},"modified":"2026-01-27T05:46:34","modified_gmt":"2026-01-27T04:46:34","slug":"projekte","status":"publish","type":"page","link":"https:\/\/kosmodrom2323.de\/en\/projekte\/","title":{"rendered":"projects"},"content":{"rendered":"<p>when I created this page around 2011, it was supposed to showcase my literature. In the course of the years I picked up other forms of artistic expression that until now didn't really have a place, so I will be presenting them here. More projects can be found in my <a href=\"https:\/\/linktr.ee\/lathgertha\" data-type=\"link\" data-id=\"https:\/\/linktr.ee\/lathgertha\" target=\"_blank\" rel=\"noreferrer noopener\">linktree<\/a><\/p>\n\n\n\n<p>photography<\/p>\n\n\n\n<div class=\"wp-block-columns is-layout-flex wp-container-core-columns-is-layout-9d6595d7 wp-block-columns-is-layout-flex\">\n<div class=\"wp-block-column is-layout-flow wp-block-column-is-layout-flow\">\n<figure class=\"wp-block-image size-large\"><img loading=\"lazy\" decoding=\"async\" width=\"1024\" height=\"1024\" src=\"https:\/\/kosmodrom2323.de\/wp-content\/uploads\/2025\/07\/491441123_18044623304417835_5478716306145025523_n-1-1024x1024.jpg\" alt=\"\" class=\"wp-image-1822\" srcset=\"https:\/\/kosmodrom2323.de\/wp-content\/uploads\/2025\/07\/491441123_18044623304417835_5478716306145025523_n-1-1024x1024.jpg 1024w, https:\/\/kosmodrom2323.de\/wp-content\/uploads\/2025\/07\/491441123_18044623304417835_5478716306145025523_n-1-300x300.jpg 300w, https:\/\/kosmodrom2323.de\/wp-content\/uploads\/2025\/07\/491441123_18044623304417835_5478716306145025523_n-1-150x150.jpg 150w, https:\/\/kosmodrom2323.de\/wp-content\/uploads\/2025\/07\/491441123_18044623304417835_5478716306145025523_n-1-768x768.jpg 768w, https:\/\/kosmodrom2323.de\/wp-content\/uploads\/2025\/07\/491441123_18044623304417835_5478716306145025523_n-1-12x12.jpg 12w, https:\/\/kosmodrom2323.de\/wp-content\/uploads\/2025\/07\/491441123_18044623304417835_5478716306145025523_n-1-676x676.jpg 676w, https:\/\/kosmodrom2323.de\/wp-content\/uploads\/2025\/07\/491441123_18044623304417835_5478716306145025523_n-1.jpg 1080w\" sizes=\"auto, (max-width: 1024px) 100vw, 1024px\" \/><\/figure>\n<\/div>\n\n\n\n<div class=\"wp-block-column is-layout-flow wp-block-column-is-layout-flow\">\n<figure class=\"wp-block-image size-large\"><img loading=\"lazy\" decoding=\"async\" width=\"1024\" height=\"1024\" src=\"https:\/\/kosmodrom2323.de\/wp-content\/uploads\/2025\/07\/515425599_18050627633417835_9124725146252105625_n-2-1024x1024.jpg\" alt=\"\" class=\"wp-image-1821\" srcset=\"https:\/\/kosmodrom2323.de\/wp-content\/uploads\/2025\/07\/515425599_18050627633417835_9124725146252105625_n-2-1024x1024.jpg 1024w, https:\/\/kosmodrom2323.de\/wp-content\/uploads\/2025\/07\/515425599_18050627633417835_9124725146252105625_n-2-300x300.jpg 300w, https:\/\/kosmodrom2323.de\/wp-content\/uploads\/2025\/07\/515425599_18050627633417835_9124725146252105625_n-2-150x150.jpg 150w, https:\/\/kosmodrom2323.de\/wp-content\/uploads\/2025\/07\/515425599_18050627633417835_9124725146252105625_n-2-768x768.jpg 768w, https:\/\/kosmodrom2323.de\/wp-content\/uploads\/2025\/07\/515425599_18050627633417835_9124725146252105625_n-2-12x12.jpg 12w, https:\/\/kosmodrom2323.de\/wp-content\/uploads\/2025\/07\/515425599_18050627633417835_9124725146252105625_n-2-676x676.jpg 676w, https:\/\/kosmodrom2323.de\/wp-content\/uploads\/2025\/07\/515425599_18050627633417835_9124725146252105625_n-2.jpg 1440w\" sizes=\"auto, (max-width: 1024px) 100vw, 1024px\" \/><\/figure>\n<\/div>\n\n\n\n<div class=\"wp-block-column is-layout-flow wp-block-column-is-layout-flow\">\n<figure class=\"wp-block-image size-large\"><img loading=\"lazy\" decoding=\"async\" width=\"1024\" height=\"1024\" src=\"https:\/\/kosmodrom2323.de\/wp-content\/uploads\/2025\/07\/520224741_18052496594417835_1143437341207023608_n-2-1024x1024.jpg\" alt=\"\" class=\"wp-image-1820\" srcset=\"https:\/\/kosmodrom2323.de\/wp-content\/uploads\/2025\/07\/520224741_18052496594417835_1143437341207023608_n-2-1024x1024.jpg 1024w, https:\/\/kosmodrom2323.de\/wp-content\/uploads\/2025\/07\/520224741_18052496594417835_1143437341207023608_n-2-300x300.jpg 300w, https:\/\/kosmodrom2323.de\/wp-content\/uploads\/2025\/07\/520224741_18052496594417835_1143437341207023608_n-2-150x150.jpg 150w, https:\/\/kosmodrom2323.de\/wp-content\/uploads\/2025\/07\/520224741_18052496594417835_1143437341207023608_n-2-768x768.jpg 768w, https:\/\/kosmodrom2323.de\/wp-content\/uploads\/2025\/07\/520224741_18052496594417835_1143437341207023608_n-2-12x12.jpg 12w, https:\/\/kosmodrom2323.de\/wp-content\/uploads\/2025\/07\/520224741_18052496594417835_1143437341207023608_n-2-676x676.jpg 676w, https:\/\/kosmodrom2323.de\/wp-content\/uploads\/2025\/07\/520224741_18052496594417835_1143437341207023608_n-2.jpg 1440w\" sizes=\"auto, (max-width: 1024px) 100vw, 1024px\" \/><\/figure>\n<\/div>\n<\/div>\n\n\n\n<p>I'm shooting analogue pictures with historical cameras (Praktica, Polaroid) as well as modern instant cameras since 2019. More <a href=\"https:\/\/kosmodrom2323.de\/en\/photographie\/\" data-type=\"link\" data-id=\"https:\/\/kosmodrom2323.de\/photographie\/\">here<\/a><\/p>\n\n\n\n<p>programming<\/p>\n\n\n\n<p>I started programming with HTML in 2004 and designed numerous websites and forums. In 2007, I started working more intensely with content management systems like WordPress. Since 2015, I have also been managing the sites of several research projects professionally using the CMS Drupal, Liferay and TYPO3. I also started programming in Python, C++, Java and C# in 2024. <\/p>\n\n\n\n<p>art<\/p>\n\n\n\n<p>kommt noch<\/p>","protected":false},"excerpt":{"rendered":"<p>als ich diese Seite um 2011 herum erstellte, sollte sie \u00fcber mein literarisches Schaffen dokumentieren. Im Laufe der Jahre fand ich weitere k\u00fcnstlerische Ausdrucksformen, f\u00fcr die es bisher keinen Ort gab. Einige sollen nun hier erscheinen. Weitere Projekte finden sich im linktree photographie seit 2019 photographiere ich analog mit historischen Kameras (Praktica, Polaroid) und modernen [&hellip;]<\/p>\n","protected":false},"author":1,"featured_media":0,"parent":0,"menu_order":0,"comment_status":"closed","ping_status":"closed","template":"","meta":{"footnotes":""},"class_list":["post-1798","page","type-page","status-publish","hentry","post-preview"],"_links":{"self":[{"href":"https:\/\/kosmodrom2323.de\/en\/wp-json\/wp\/v2\/pages\/1798","targetHints":{"allow":["GET"]}}],"collection":[{"href":"https:\/\/kosmodrom2323.de\/en\/wp-json\/wp\/v2\/pages"}],"about":[{"href":"https:\/\/kosmodrom2323.de\/en\/wp-json\/wp\/v2\/types\/page"}],"author":[{"embeddable":true,"href":"https:\/\/kosmodrom2323.de\/en\/wp-json\/wp\/v2\/users\/1"}],"replies":[{"embeddable":true,"href":"https:\/\/kosmodrom2323.de\/en\/wp-json\/wp\/v2\/comments?post=1798"}],"version-history":[{"count":13,"href":"https:\/\/kosmodrom2323.de\/en\/wp-json\/wp\/v2\/pages\/1798\/revisions"}],"predecessor-version":[{"id":1840,"href":"https:\/\/kosmodrom2323.de\/en\/wp-json\/wp\/v2\/pages\/1798\/revisions\/1840"}],"wp:attachment":[{"href":"https:\/\/kosmodrom2323.de\/en\/wp-json\/wp\/v2\/media?parent=1798"}],"curies":[{"name":"wp","href":"https:\/\/api.w.org\/{rel}","templated":true}]}}